{"id":276,"date":"2025-10-07T01:52:28","date_gmt":"2025-10-07T04:52:28","guid":{"rendered":"http:\/\/chapa1anfipdetodos.com.br\/?page_id=276"},"modified":"2025-10-07T02:18:03","modified_gmt":"2025-10-07T05:18:03","slug":"blog","status":"publish","type":"page","link":"https:\/\/chapa1anfipdetodos.com.br\/?page_id=276","title":{"rendered":"Blog"},"content":{"rendered":"\t\t<div data-elementor-type=\"wp-page\" data-elementor-id=\"276\" class=\"elementor elementor-276\">\n\t\t\t\t<div class=\"elementor-element elementor-element-ed5442c e-flex e-con-boxed e-con e-parent\" data-id=\"ed5442c\" data-element_type=\"container\">\n\t\t\t\t\t<div class=\"e-con-inner\">\n\t\t\t\t<div class=\"elementor-element elementor-element-ba98624 elementor-widget elementor-widget-eael-breadcrumbs\" data-id=\"ba98624\" data-element_type=\"widget\" data-widget_type=\"eael-breadcrumbs.default\">\n\t\t\t\t<div class=\"elementor-widget-container\">\n\t\t\t\t\t\t\t<div class=\"eael-breadcrumbs\">\n\t\t\t\t\t\t<div class=\"eael-breadcrumbs__prefix\">\n\t\t\t\t<a href=\"https:\/\/chapa1anfipdetodos.com.br\" class=\"eael-breadcrumbs__prefix-link\"><svg aria-hidden=\"true\" class=\"e-font-icon-svg e-fas-home\" viewBox=\"0 0 576 512\" xmlns=\"http:\/\/www.w3.org\/2000\/svg\"><path d=\"M280.37 148.26L96 300.11V464a16 16 0 0 0 16 16l112.06-.29a16 16 0 0 0 15.92-16V368a16 16 0 0 1 16-16h64a16 16 0 0 1 16 16v95.64a16 16 0 0 0 16 16.05L464 480a16 16 0 0 0 16-16V300L295.67 148.26a12.19 12.19 0 0 0-15.3 0zM571.6 251.47L488 182.56V44.05a12 12 0 0 0-12-12h-56a12 12 0 0 0-12 12v72.61L318.47 43a48 48 0 0 0-61 0L4.34 251.47a12 12 0 0 0-1.6 16.9l25.5 31A12 12 0 0 0 45.15 301l235.22-193.74a12.19 12.19 0 0 1 15.3 0L530.9 301a12 12 0 0 0 16.9-1.6l25.5-31a12 12 0 0 0-1.7-16.93z\"><\/path><\/svg><\/a>\t\t\t<\/a>\n\t\t\t<\/div>\n\t\t\t<div class=\"eael-breadcrumbs__content\"><a href=\"https:\/\/chapa1anfipdetodos.com.br\">Home<\/a> <span class=\"eael-breadcrumb-separator\">\/<\/span> <span class = \"eael-current\">Page<\/span><\/div>\t\t<\/div>\n\t\t\t\t\t\t<\/div>\n\t\t\t\t<\/div>\n\t\t\t\t<div class=\"elementor-element elementor-element-d84d3ed elementor-grid-eael-col-1 elementor-grid-tablet-eael-col-2 elementor-grid-mobile-eael-col-1 elementor-widget elementor-widget-eael-post-grid\" data-id=\"d84d3ed\" data-element_type=\"widget\" data-settings=\"{&quot;eael_post_grid_columns&quot;:&quot;eael-col-1&quot;,&quot;eael_post_grid_columns_tablet&quot;:&quot;eael-col-2&quot;,&quot;eael_post_grid_columns_mobile&quot;:&quot;eael-col-1&quot;}\" data-widget_type=\"eael-post-grid.default\">\n\t\t\t\t\t<div id=\"eael-post-grid-d84d3ed\" class=\"eael-post-grid-container\">\n            <div class=\"eael-post-grid eael-post-appender eael-post-appender-d84d3ed eael-post-grid-style-one\" data-layout-mode=\"grid\"><article class=\"eael-grid-post eael-post-grid-column\" data-id=\"355\">\n        <div class=\"eael-grid-post-holder\">\n            <div class=\"eael-grid-post-holder-inner\"><div class=\"eael-entry-wrapper\"><header class=\"eael-entry-header\"><h2 class=\"eael-entry-title\"><a class=\"eael-grid-post-link\" href=\"https:\/\/chapa1anfipdetodos.com.br\/?p=355\" title=\"Estamos prontos para escutar voc\u00ea\"target=\"_blank\">Estamos prontos para escutar voc\u00ea<\/a><\/h2><\/header><div class=\"eael-entry-content\">\n                        <div class=\"eael-grid-post-excerpt\"><p>Uma equipe com conhecimento e preparada para atuar pela Anfip.<\/p><a href=\"https:\/\/chapa1anfipdetodos.com.br\/?p=355\" class=\"eael-post-elements-readmore-btn\"rel=\"nofollow\">Leia Mais!<\/a><\/div>\n                    <\/div><\/div><\/div>\n        <\/div>\n    <\/article><article class=\"eael-grid-post eael-post-grid-column\" data-id=\"350\">\n        <div class=\"eael-grid-post-holder\">\n            <div class=\"eael-grid-post-holder-inner\"><div class=\"eael-entry-wrapper\"><header class=\"eael-entry-header\"><h2 class=\"eael-entry-title\"><a class=\"eael-grid-post-link\" href=\"https:\/\/chapa1anfipdetodos.com.br\/?p=350\" title=\"O Futuro da Anfip com a Chapa 1\"target=\"_blank\">O Futuro da Anfip com a Chapa 1<\/a><\/h2><\/header><div class=\"eael-entry-content\">\n                        <div class=\"eael-grid-post-excerpt\"><p>Assista ao v\u00eddeo e veja como Anfip ser\u00e1 adminstrada pela voz do nosso candidato a Presidente Gen\u00e9sio Denardi.<\/p><a href=\"https:\/\/chapa1anfipdetodos.com.br\/?p=350\" class=\"eael-post-elements-readmore-btn\"rel=\"nofollow\">Leia Mais!<\/a><\/div>\n                    <\/div><\/div><\/div>\n        <\/div>\n    <\/article><article class=\"eael-grid-post eael-post-grid-column\" data-id=\"266\">\n        <div class=\"eael-grid-post-holder\">\n            <div class=\"eael-grid-post-holder-inner\"><div class=\"eael-entry-wrapper\"><header class=\"eael-entry-header\"><h2 class=\"eael-entry-title\"><a class=\"eael-grid-post-link\" href=\"https:\/\/chapa1anfipdetodos.com.br\/?p=266\" title=\"Cuidar de Quem Cuida: Sa\u00fade de Qualidade e Acess\u00edvel para Toda a Fam\u00edlia ANFIP\"target=\"_blank\">Cuidar de Quem Cuida: Sa\u00fade de Qualidade e Acess\u00edvel para Toda a Fam\u00edlia ANFIP<\/a><\/h2><\/header><div class=\"eael-entry-content\">\n                        <div class=\"eael-grid-post-excerpt\"><p>Sua sa\u00fade e bem-estar s\u00e3o nossa prioridade! A Chapa 1 &#8211; Anfip de Todos est\u00e1 empenhada em revolucionar o acesso a planos de sa\u00fade de excel\u00eancia, com agilidade no atendimento e amplia\u00e7\u00e3o das redes credenciadas. Descubra como buscaremos a assist\u00eancia m\u00e9dica e odontol\u00f3gica que voc\u00ea e sua fam\u00edlia merecem, a custos justos. A sa\u00fade \u00e9 [&hellip;]<\/p><a href=\"https:\/\/chapa1anfipdetodos.com.br\/?p=266\" class=\"eael-post-elements-readmore-btn\"rel=\"nofollow\">Leia Mais!<\/a><\/div>\n                    <\/div><\/div><\/div>\n        <\/div>\n    <\/article><article class=\"eael-grid-post eael-post-grid-column\" data-id=\"264\">\n        <div class=\"eael-grid-post-holder\">\n            <div class=\"eael-grid-post-holder-inner\"><div class=\"eael-entry-wrapper\"><header class=\"eael-entry-header\"><h2 class=\"eael-entry-title\"><a class=\"eael-grid-post-link\" href=\"https:\/\/chapa1anfipdetodos.com.br\/?p=264\" title=\"Sal\u00e1rio Digno e Carreira Forte: Chapa 1 na Negocia\u00e7\u00e3o Incans\u00e1vel pelos Servidores e AFRFBs\"target=\"_blank\">Sal\u00e1rio Digno e Carreira Forte: Chapa 1 na Negocia\u00e7\u00e3o Incans\u00e1vel pelos Servidores e AFRFBs<\/a><\/h2><\/header><div class=\"eael-entry-content\">\n                        <div class=\"eael-grid-post-excerpt\"><p>Cansado(a) da desvaloriza\u00e7\u00e3o? A Chapa 1 &#8211; Anfip de Todos est\u00e1 com voc\u00ea na linha de frente! Entenda nosso compromisso com a defesa irrestrita da recomposi\u00e7\u00e3o salarial na Mesa Nacional de Negocia\u00e7\u00e3o Permanente, lutando por um futuro de dignidade e reconhecimento para todos os servidores p\u00fablicos, especialmente os AFRFBs. A recomposi\u00e7\u00e3o salarial e a valoriza\u00e7\u00e3o [&hellip;]<\/p><a href=\"https:\/\/chapa1anfipdetodos.com.br\/?p=264\" class=\"eael-post-elements-readmore-btn\"rel=\"nofollow\">Leia Mais!<\/a><\/div>\n                    <\/div><\/div><\/div>\n        <\/div>\n    <\/article><\/div>\n            <div class=\"clearfix\"><\/div>\n        <\/div>            <div class=\"eael-load-more-button-wrap eael-infinity-scroll\" data-offset=\"-200\">\n                <button class=\"eael-load-more-button\" id=\"eael-load-more-btn-d84d3ed\" data-widget-id=\"d84d3ed\" data-widget=\"d84d3ed\" data-page-id=\"276\" data-template=\"{&quot;dir&quot;:&quot;lite&quot;,&quot;file_name&quot;:&quot;one.php&quot;,&quot;name&quot;:&quot;Post-Grid&quot;}\" data-class=\"Essential_Addons_Elementor\\Elements\\Post_Grid\" data-layout=\"grid\" data-page=\"1\" data-args=\"orderby=date&amp;order=desc&amp;ignore_sticky_posts=1&amp;post_status=publish&amp;posts_per_page=4&amp;offset=0&amp;post_type=post\" data-max-page=\"2\">\n                    <span class=\"eael-btn-loader button__loader\"><\/span>\n                    <span class=\"eael_load_more_text\">Mais Posts!<\/span>\n                <\/button>\n            <\/div>\n            \t\t\t\t<\/div>\n\t\t\t\t\t<\/div>\n\t\t\t\t<\/div>\n\t\t\t\t<\/div>\n\t\t","protected":false},"excerpt":{"rendered":"<p>Home \/ Page Cuidar de Quem Cuida: Sa\u00fade de Qualidade e Acess\u00edvel para Toda a Fam\u00edlia ANFIP Sua sa\u00fade e bem-estar s\u00e3o nossa prioridade! A Chapa 1 &#8211; Anfip de Todos est\u00e1 empenhada em revolucionar o acesso a planos de sa\u00fade de excel\u00eancia, com agilidade no atendimento e amplia\u00e7\u00e3o das redes credenciadas. Descubra como buscaremos [&hellip;]<\/p>\n","protected":false},"author":1,"featured_media":0,"parent":0,"menu_order":0,"comment_status":"closed","ping_status":"closed","template":"elementor_header_footer","meta":{"footnotes":""},"class_list":["post-276","page","type-page","status-publish","hentry"],"_links":{"self":[{"href":"https:\/\/chapa1anfipdetodos.com.br\/index.php?rest_route=\/wp\/v2\/pages\/276","targetHints":{"allow":["GET"]}}],"collection":[{"href":"https:\/\/chapa1anfipdetodos.com.br\/index.php?rest_route=\/wp\/v2\/pages"}],"about":[{"href":"https:\/\/chapa1anfipdetodos.com.br\/index.php?rest_route=\/wp\/v2\/types\/page"}],"author":[{"embeddable":true,"href":"https:\/\/chapa1anfipdetodos.com.br\/index.php?rest_route=\/wp\/v2\/users\/1"}],"replies":[{"embeddable":true,"href":"https:\/\/chapa1anfipdetodos.com.br\/index.php?rest_route=%2Fwp%2Fv2%2Fcomments&post=276"}],"version-history":[{"count":17,"href":"https:\/\/chapa1anfipdetodos.com.br\/index.php?rest_route=\/wp\/v2\/pages\/276\/revisions"}],"predecessor-version":[{"id":295,"href":"https:\/\/chapa1anfipdetodos.com.br\/index.php?rest_route=\/wp\/v2\/pages\/276\/revisions\/295"}],"wp:attachment":[{"href":"https:\/\/chapa1anfipdetodos.com.br\/index.php?rest_route=%2Fwp%2Fv2%2Fmedia&parent=276"}],"curies":[{"name":"wp","href":"https:\/\/api.w.org\/{rel}","templated":true}]}}